{"id":11279,"date":"2026-02-18T09:45:22","date_gmt":"2026-02-18T08:45:22","guid":{"rendered":"https:\/\/sarah-caillot-illustration.com\/?page_id=11279"},"modified":"2026-03-05T19:36:53","modified_gmt":"2026-03-05T18:36:53","slug":"traversees","status":"publish","type":"page","link":"https:\/\/sarah-caillot-illustration.com\/index.php\/traversees\/","title":{"rendered":"Travers\u00e9es"},"content":{"rendered":"\n<div style=\"height:108px\" aria-hidden=\"true\" class=\"wp-block-spacer\"><\/div>\n\n\n\n<h2 class=\"wp-block-heading has-text-align-center has-text-color has-link-color wp-elements-7afddef0b2d98c6a9c2d35fe5f40aff5\" style=\"color:#666666;font-size:28px;font-style:normal;font-weight:400\"><strong>TRAVERS\u00c9ES<\/strong><\/h2>\n\n\n\n<div style=\"height:108px\" aria-hidden=\"true\" class=\"wp-block-spacer\"><\/div>\n\n\n\n<div class=\"wp-block-media-text is-stacked-on-mobile\" style=\"grid-template-columns:33% auto\"><figure class=\"wp-block-media-text__media\"><img loading=\"lazy\" decoding=\"async\" width=\"819\" height=\"1024\" src=\"https:\/\/sarah-caillot-illustration.com\/wp-content\/uploads\/2026\/03\/Mauvais-temps-TRAVERSEES-Sarah-Caillot-Illustration-819x1024.png\" alt=\"\" class=\"wp-image-11424 size-full\" srcset=\"https:\/\/sarah-caillot-illustration.com\/wp-content\/uploads\/2026\/03\/Mauvais-temps-TRAVERSEES-Sarah-Caillot-Illustration-819x1024.png 819w, https:\/\/sarah-caillot-illustration.com\/wp-content\/uploads\/2026\/03\/Mauvais-temps-TRAVERSEES-Sarah-Caillot-Illustration-240x300.png 240w, https:\/\/sarah-caillot-illustration.com\/wp-content\/uploads\/2026\/03\/Mauvais-temps-TRAVERSEES-Sarah-Caillot-Illustration-768x960.png 768w, https:\/\/sarah-caillot-illustration.com\/wp-content\/uploads\/2026\/03\/Mauvais-temps-TRAVERSEES-Sarah-Caillot-Illustration.png 1080w\" sizes=\"auto, (max-width: 819px) 100vw, 819px\" \/><\/figure><div class=\"wp-block-media-text__content\">\n<div style=\"height:39px\" aria-hidden=\"true\" class=\"wp-block-spacer\"><\/div>\n\n\n\n<p class=\"has-text-color has-link-color wp-elements-279d7da8d91b8d4230f1280d86543348\" style=\"color:#666666;font-size:18px;font-style:normal;font-weight:400\"><strong>\u00ab\u00a0Travers\u00e9es\u00a0\u00bb <\/strong>est un projet un peu \u00e0 part de mon activit\u00e9 habituelle. Il est aussi <strong>extr\u00eamement intime, raccroch\u00e9 \u00e0 ma propre exp\u00e9rience. <\/strong>C&rsquo;est peut-\u00eatre pour cela qu&rsquo;il est aussi cher \u00e0 mon c\u0153ur et que j&rsquo;ai envie de mettre toutes ma force cr\u00e9ative dans ce projet ! <\/p>\n\n\n\n<p class=\"has-text-color has-link-color wp-elements-53d50bbb70742be0035268760e4ce4c8\" style=\"color:#666666;font-size:18px;font-style:normal;font-weight:400\">C&rsquo;est un projet qui n&rsquo;est pas tout \u00e0 fait termin\u00e9. <strong>Je suis en cours de r\u00e9alisation des illustrations <\/strong>qui accompagnent tout en douceur et m\u00e9taphore les po\u00e8mes de ce recueil. Au total, j&rsquo;ai \u00e9crit <strong>une<\/strong> <strong>trentaine de po\u00e8mes, r\u00e9dig\u00e9s souvent avec une contrainte cr\u00e9ative comme l&rsquo;acrostiche, le ha\u00efku japonais&#8230;<\/strong><\/p>\n\n\n\n<div style=\"height:39px\" aria-hidden=\"true\" class=\"wp-block-spacer\"><\/div>\n<\/div><\/div>\n\n\n\n<div style=\"height:51px\" aria-hidden=\"true\" class=\"wp-block-spacer\"><\/div>\n\n\n\n<div class=\"wp-block-media-text has-media-on-the-right is-stacked-on-mobile\" style=\"grid-template-columns:auto 41%\"><div class=\"wp-block-media-text__content\">\n<div style=\"height:41px\" aria-hidden=\"true\" class=\"wp-block-spacer\"><\/div>\n\n\n\n<p class=\"has-text-color has-link-color wp-elements-df4c8277979edaa2f1d584c7c8707867\" style=\"color:#666666;font-size:18px;font-style:normal;font-weight:400\">Ce <strong>recueil po\u00e9tique illustr\u00e9,<\/strong> je l&rsquo;ai \u00e9crit et dessin\u00e9 \u00e0 un moment o\u00f9 le \u00ab&nbsp;loyer de la vie&nbsp;\u00bb \u00e9tait particuli\u00e8rement \u00e9lev\u00e9, pour reprendre une expression magnifique du psychiatre Christophe Andr\u00e9 .<\/p>\n\n\n\n<p class=\"has-text-color has-link-color wp-elements-42abc28edfa9d1a815ef1dd98d8730b6\" style=\"color:#666666;font-size:18px;font-style:normal;font-weight:400\"><strong>Il m&rsquo;aura fallut beaucoup de temps pour parvenir \u00e0 trouver les mots, faire grandir des images en moi. <\/strong>En novembre 2024, un cancer d\u00e9butait dans une partie de mon poumon droit. J&rsquo;ai eu de la chance car sa d\u00e9couverte fortuite mais pr\u00e9coce m&rsquo;a permis d&rsquo;\u00e9viter un traitement lourd et une issue peut-\u00eatre moins favorable.<\/p>\n\n\n\n<p class=\"has-text-color has-link-color wp-elements-577b38ea032af4497e63140d0a9b2397\" style=\"color:#666666;font-size:18px;font-style:normal;font-weight:400\">\u00c0 l\u2019issue de la chirurgie qui me fut propos\u00e9e et de mon retour chez moi, j&rsquo;\u00e9tais encore choqu\u00e9e et abasourdie par ce qui m\u2019\u00e9tait arriv\u00e9. <strong>Il me fallait \u00e9crire, repr\u00e9senter avec des images, des mots toute la violence des \u00e9motions qui m\u2019avai<\/strong>t <strong>\u00abtravers\u00e9<\/strong>&nbsp;\u00bb.<\/p>\n\n\n\n<div style=\"height:41px\" aria-hidden=\"true\" class=\"wp-block-spacer\"><\/div>\n<\/div><figure class=\"wp-block-media-text__media\"><img decoding=\"async\" src=\"https:\/\/sarah-caillot-illustration.com\/wp-content\/uploads\/2026\/02\/10-Le_Choc-722x1024.jpg\" alt=\"\" class=\"wp-image-11283 size-full\"\/><\/figure><\/div>\n\n\n\n<div style=\"height:40px\" aria-hidden=\"true\" class=\"wp-block-spacer\"><\/div>\n\n\n\n<div class=\"wp-block-media-text is-stacked-on-mobile\" style=\"grid-template-columns:32% auto\"><figure class=\"wp-block-media-text__media\"><img loading=\"lazy\" decoding=\"async\" width=\"819\" height=\"1024\" src=\"https:\/\/sarah-caillot-illustration.com\/wp-content\/uploads\/2026\/02\/Sans-titre-4-819x1024.png\" alt=\"\" class=\"wp-image-11043 size-full\" srcset=\"https:\/\/sarah-caillot-illustration.com\/wp-content\/uploads\/2026\/02\/Sans-titre-4-819x1024.png 819w, https:\/\/sarah-caillot-illustration.com\/wp-content\/uploads\/2026\/02\/Sans-titre-4-240x300.png 240w, https:\/\/sarah-caillot-illustration.com\/wp-content\/uploads\/2026\/02\/Sans-titre-4-768x960.png 768w, https:\/\/sarah-caillot-illustration.com\/wp-content\/uploads\/2026\/02\/Sans-titre-4.png 1080w\" sizes=\"auto, (max-width: 819px) 100vw, 819px\" \/><\/figure><div class=\"wp-block-media-text__content\">\n<div style=\"height:44px\" aria-hidden=\"true\" class=\"wp-block-spacer\"><\/div>\n\n\n\n<p class=\"has-text-color has-link-color wp-elements-231a1e375082d54f0c3b2fb68b5a24aa\" style=\"color:#666666;font-size:18px;font-style:normal;font-weight:400\">Fid\u00e8le \u00e0 mon univers et \u00e0 mes mat\u00e9riaux, <strong>j&rsquo;ai choisi de travailler \u00e0 la main, avec mes crayons<\/strong>. Le noir et blanc s&rsquo;est impos\u00e9 \u00e0 moi parce qu&rsquo;il est pour moi une fa\u00e7on particuli\u00e8re d&rsquo;appr\u00e9hender le dessin et le R\u00e9el repr\u00e9sent\u00e9. <strong><a href=\"https:\/\/sarah-caillot-illustration.com\/index.php\/2026\/01\/23\/pourquoi-je-dessine-en-noir-et-blanc\/\">Je vous invite \u00e0 lire l&rsquo;article de blog <\/a>que j&rsquo;ai \u00e9crit \u00e0 ce sujet si vous souhaitez en savoir plus sur ce choix du noir et blanc.<\/strong> Je retravaille mes planches originales sur tablette pour adapter celles-ci \u00e0 certaines exigences techniques li\u00e9es \u00e0 l\u2019\u00e9dition.<\/p>\n\n\n\n<p class=\"has-text-color has-link-color wp-elements-343e2f34cf8a439c2fcda0ae6213b02d\" style=\"color:#666666;font-size:18px;font-style:normal;font-weight:400\">Parce que je ressens profond\u00e9ment en moi ce besoin de d\u00e9calage que la po\u00e9sie permet, <strong>j&rsquo;ai eu \u00e0 c\u0153ur d&rsquo;illustrer mes po\u00e8mes de fa\u00e7on tr\u00e8s m\u00e9taphorique.<\/strong> J&rsquo;y ai trouv\u00e9 la mati\u00e8re pour mettre en forme la force des \u00e9motions que j&rsquo;ai pu ressentir pendant cette \u00ab\u00a0travers\u00e9e\u00a0\u00bb particuli\u00e8re&#8230; Je n&rsquo;ai pas cherch\u00e9 \u00e0 \u00ab\u00a0coller\u00a0\u00bb de fa\u00e7on r\u00e9aliste \u00e0 mes textes, bien au contraire, <strong>je voulais que chacun.e puisse s&rsquo;identifier et projeter ses propres \u00e9motions.<\/strong><\/p>\n\n\n\n<div style=\"height:44px\" aria-hidden=\"true\" class=\"wp-block-spacer\"><\/div>\n<\/div><\/div>\n\n\n\n<div style=\"height:40px\" aria-hidden=\"true\" class=\"wp-block-spacer\"><\/div>\n\n\n\n<div class=\"wp-block-media-text has-media-on-the-right is-stacked-on-mobile\" style=\"grid-template-columns:auto 38%\"><div class=\"wp-block-media-text__content\">\n<div style=\"height:36px\" aria-hidden=\"true\" class=\"wp-block-spacer\"><\/div>\n\n\n\n<p class=\"has-text-color has-link-color wp-elements-96d5a7c2716c45691ecfd29268673324\" style=\"color:#666666;font-size:18px;font-style:normal;font-weight:400\"><strong>\u00ab\u00a0Travers\u00e9es\u00a0\u00bb parle d&rsquo;une trajectoire intime, c&rsquo;est vrai. Je pense n\u00e9anmoins qu&rsquo;elle peut r\u00e9sonner universellement dans le c\u0153ur de beaucoup de personnes. <\/strong>Pas besoin de se sentir concern\u00e9.e.s directement par le cancer pour \u00eatre touch\u00e9.e par ce que je tente de transmettre.<\/p>\n\n\n\n<p class=\"has-text-color has-link-color wp-elements-350dd23d375b32e378f7f432655207a3\" style=\"color:#666666;font-size:18px;font-style:normal;font-weight:400\">Ce recueil est avant tout une mani\u00e8re de parler d&rsquo;un v\u00e9cu traumatique, d&rsquo;une situation hautement d\u00e9stabilisante. <strong>Il parle aussi de nos capacit\u00e9s de r\u00e9silience face \u00e0 un R\u00e9el qui nous \u00e9prouve durement. <\/strong><\/p>\n\n\n\n<p class=\"has-text-color has-link-color wp-elements-c812c68bbb1c4618af0b92a139048791\" style=\"color:#666666;font-size:18px;font-style:normal;font-weight:400\">Certaines situations mobilisent une \u00e9nergie dont on ignore l&rsquo;existence en nous. C&rsquo;est pourquoi mes po\u00e8mes et mes illustrations peuvent parleront peut-\u00eatre \u00e0 ceux et celles qui ont perdu un \u00eatre cher, qui ont v\u00e9cu un accident de la vie particuli\u00e8rement difficile, une rupture radicale. On dit souvent qu&rsquo;il y <strong>a un \u00ab\u00a0avant\u00a0\u00bb et un \u00ab\u00a0apr\u00e8s\u00a0\u00bb, <\/strong>et c&rsquo;est bien de cela dont il s&rsquo;agit dans ce recueil.<\/p>\n\n\n\n<div style=\"height:36px\" aria-hidden=\"true\" class=\"wp-block-spacer\"><\/div>\n<\/div><figure class=\"wp-block-media-text__media\"><img decoding=\"async\" src=\"https:\/\/sarah-caillot-illustration.com\/wp-content\/uploads\/2026\/02\/18-Le_Cocon-722x1024.jpg\" alt=\"\" class=\"wp-image-11285 size-full\"\/><\/figure><\/div>\n\n\n\n<div style=\"height:106px\" aria-hidden=\"true\" class=\"wp-block-spacer\"><\/div>\n\n\n\n<blockquote class=\"wp-block-quote is-style-plain is-layout-flow wp-block-quote-is-layout-flow\">\n<p class=\"has-text-align-left has-text-color has-link-color wp-elements-5c624788d4ec119a391f396042a7f325\" style=\"color:#844e03;font-size:18px;font-style:normal;font-weight:400\">J\u2019esp\u00e8re pouvoir faire na\u00eetre un beau projet \u00e9ditorial issu de cette part de moi-m\u00eame, bless\u00e9e mais r\u00e9siliente, pleine de vie et d\u2019espoir. <\/p>\n\n\n\n<p class=\"has-text-align-left has-text-color has-link-color wp-elements-115bb046c1a679f23d8fe455ece4f11d\" style=\"color:#844e03;font-size:18px;font-style:normal;font-weight:400\"><strong>C&rsquo;est pourquoi si vous \u00eates \u00e9diteur, \u00e9ditrice et si mon projet vous touche, je serais tr\u00e8s heureuse que nous travaillons ensemble afin de r\u00e9aliser cette publication et partager celle-ci au public.<\/strong><\/p>\n<\/blockquote>\n\n\n\n<div style=\"height:58px\" aria-hidden=\"true\" class=\"wp-block-spacer\"><\/div>\n\n\n\n<div class=\"wp-block-buttons is-content-justification-center is-layout-flex wp-container-core-buttons-is-layout-16018d1d wp-block-buttons-is-layout-flex\">\n<div class=\"wp-block-button has-custom-width wp-block-button__width-75 is-style-outline is-style-outline--1\"><a class=\"wp-block-button__link has-white-background-color has-text-color has-background has-link-color has-custom-font-size wp-element-button\" href=\"https:\/\/sarah-caillot-illustration.com\/index.php\/contact\/\" style=\"border-top-left-radius:0px;border-top-right-radius:0px;border-bottom-left-radius:0px;border-bottom-right-radius:0px;color:#944907;font-size:20px;font-style:normal;font-weight:400\">Vous avez envie de soutenir mon aventure \u00e9ditoriale ? Contactez-moi !<\/a><\/div>\n<\/div>\n\n\n\n<div style=\"height:100px\" aria-hidden=\"true\" class=\"wp-block-spacer\"><\/div>\n\n\n\n<p><\/p>\n","protected":false},"excerpt":{"rendered":"<p>TRAVERS\u00c9ES J\u2019esp\u00e8re pouvoir faire na\u00eetre un beau projet \u00e9ditorial issu de cette part de moi-m\u00eame, bless\u00e9e mais r\u00e9siliente, pleine de vie et d\u2019espoir. C&rsquo;est pourquoi si vous \u00eates \u00e9diteur, \u00e9ditrice et si mon projet vous touche, je serais tr\u00e8s heureuse &hellip; <\/p>\n","protected":false},"author":1,"featured_media":0,"parent":0,"menu_order":0,"comment_status":"closed","ping_status":"closed","template":"","meta":{"footnotes":""},"class_list":["post-11279","page","type-page","status-publish","hentry"],"yoast_head":"<!-- This site is optimized with the Yoast SEO plugin v27.3 - https:\/\/yoast.com\/product\/yoast-seo-wordpress\/ -->\n<title>Travers\u00e9es - Sarah Caillot<\/title>\n<meta name=\"robots\" content=\"index, follow, max-snippet:-1, max-image-preview:large, max-video-preview:-1\" \/>\n<link rel=\"canonical\" href=\"https:\/\/sarah-caillot-illustration.com\/index.php\/traversees\/\" \/>\n<meta property=\"og:locale\" content=\"fr_FR\" \/>\n<meta property=\"og:type\" content=\"article\" \/>\n<meta property=\"og:title\" content=\"Travers\u00e9es - Sarah Caillot\" \/>\n<meta property=\"og:description\" content=\"TRAVERS\u00c9ES J\u2019esp\u00e8re pouvoir faire na\u00eetre un beau projet \u00e9ditorial issu de cette part de moi-m\u00eame, bless\u00e9e mais r\u00e9siliente, pleine de vie et d\u2019espoir. C&rsquo;est pourquoi si vous \u00eates \u00e9diteur, \u00e9ditrice et si mon projet vous touche, je serais tr\u00e8s heureuse &hellip;\" \/>\n<meta property=\"og:url\" content=\"https:\/\/sarah-caillot-illustration.com\/index.php\/traversees\/\" \/>\n<meta property=\"og:site_name\" content=\"Sarah Caillot\" \/>\n<meta property=\"article:modified_time\" content=\"2026-03-05T18:36:53+00:00\" \/>\n<meta property=\"og:image\" content=\"https:\/\/sarah-caillot-illustration.com\/wp-content\/uploads\/2026\/03\/Mauvais-temps-TRAVERSEES-Sarah-Caillot-Illustration.png\" \/>\n\t<meta property=\"og:image:width\" content=\"1080\" \/>\n\t<meta property=\"og:image:height\" content=\"1350\" \/>\n\t<meta property=\"og:image:type\" content=\"image\/png\" \/>\n<meta name=\"twitter:card\" content=\"summary_large_image\" \/>\n<meta name=\"twitter:label1\" content=\"Dur\u00e9e de lecture estim\u00e9e\" \/>\n\t<meta name=\"twitter:data1\" content=\"4 minutes\" \/>\n<script type=\"application\/ld+json\" class=\"yoast-schema-graph\">{\"@context\":\"https:\\\/\\\/schema.org\",\"@graph\":[{\"@type\":\"WebPage\",\"@id\":\"https:\\\/\\\/sarah-caillot-illustration.com\\\/index.php\\\/traversees\\\/\",\"url\":\"https:\\\/\\\/sarah-caillot-illustration.com\\\/index.php\\\/traversees\\\/\",\"name\":\"Travers\u00e9es - Sarah Caillot\",\"isPartOf\":{\"@id\":\"https:\\\/\\\/sarah-caillot-illustration.com\\\/#website\"},\"primaryImageOfPage\":{\"@id\":\"https:\\\/\\\/sarah-caillot-illustration.com\\\/index.php\\\/traversees\\\/#primaryimage\"},\"image\":{\"@id\":\"https:\\\/\\\/sarah-caillot-illustration.com\\\/index.php\\\/traversees\\\/#primaryimage\"},\"thumbnailUrl\":\"https:\\\/\\\/sarah-caillot-illustration.com\\\/wp-content\\\/uploads\\\/2026\\\/03\\\/Mauvais-temps-TRAVERSEES-Sarah-Caillot-Illustration-819x1024.png\",\"datePublished\":\"2026-02-18T08:45:22+00:00\",\"dateModified\":\"2026-03-05T18:36:53+00:00\",\"breadcrumb\":{\"@id\":\"https:\\\/\\\/sarah-caillot-illustration.com\\\/index.php\\\/traversees\\\/#breadcrumb\"},\"inLanguage\":\"fr-FR\",\"potentialAction\":[{\"@type\":\"ReadAction\",\"target\":[\"https:\\\/\\\/sarah-caillot-illustration.com\\\/index.php\\\/traversees\\\/\"]}]},{\"@type\":\"ImageObject\",\"inLanguage\":\"fr-FR\",\"@id\":\"https:\\\/\\\/sarah-caillot-illustration.com\\\/index.php\\\/traversees\\\/#primaryimage\",\"url\":\"https:\\\/\\\/sarah-caillot-illustration.com\\\/wp-content\\\/uploads\\\/2026\\\/03\\\/Mauvais-temps-TRAVERSEES-Sarah-Caillot-Illustration.png\",\"contentUrl\":\"https:\\\/\\\/sarah-caillot-illustration.com\\\/wp-content\\\/uploads\\\/2026\\\/03\\\/Mauvais-temps-TRAVERSEES-Sarah-Caillot-Illustration.png\",\"width\":1080,\"height\":1350},{\"@type\":\"BreadcrumbList\",\"@id\":\"https:\\\/\\\/sarah-caillot-illustration.com\\\/index.php\\\/traversees\\\/#breadcrumb\",\"itemListElement\":[{\"@type\":\"ListItem\",\"position\":1,\"name\":\"Accueil\",\"item\":\"https:\\\/\\\/sarah-caillot-illustration.com\\\/\"},{\"@type\":\"ListItem\",\"position\":2,\"name\":\"Travers\u00e9es\"}]},{\"@type\":\"WebSite\",\"@id\":\"https:\\\/\\\/sarah-caillot-illustration.com\\\/#website\",\"url\":\"https:\\\/\\\/sarah-caillot-illustration.com\\\/\",\"name\":\"Sarah Caillot Illustration\",\"description\":\"AUBE SAUVAGE - Art animalier par Sarah Caillot\",\"publisher\":{\"@id\":\"https:\\\/\\\/sarah-caillot-illustration.com\\\/#\\\/schema\\\/person\\\/dc31bf9937d8c4e77a2865da73499f2b\"},\"potentialAction\":[{\"@type\":\"SearchAction\",\"target\":{\"@type\":\"EntryPoint\",\"urlTemplate\":\"https:\\\/\\\/sarah-caillot-illustration.com\\\/?s={search_term_string}\"},\"query-input\":{\"@type\":\"PropertyValueSpecification\",\"valueRequired\":true,\"valueName\":\"search_term_string\"}}],\"inLanguage\":\"fr-FR\"},{\"@type\":[\"Person\",\"Organization\"],\"@id\":\"https:\\\/\\\/sarah-caillot-illustration.com\\\/#\\\/schema\\\/person\\\/dc31bf9937d8c4e77a2865da73499f2b\",\"name\":\"admin2281\",\"image\":{\"@type\":\"ImageObject\",\"inLanguage\":\"fr-FR\",\"@id\":\"https:\\\/\\\/sarah-caillot-illustration.com\\\/wp-content\\\/uploads\\\/2026\\\/03\\\/Presentation-site-web-sarah-caillot-1-1-1024x576.png\",\"url\":\"https:\\\/\\\/sarah-caillot-illustration.com\\\/wp-content\\\/uploads\\\/2026\\\/03\\\/Presentation-site-web-sarah-caillot-1-1-1024x576.png\",\"contentUrl\":\"https:\\\/\\\/sarah-caillot-illustration.com\\\/wp-content\\\/uploads\\\/2026\\\/03\\\/Presentation-site-web-sarah-caillot-1-1-1024x576.png\",\"width\":1024,\"height\":576,\"caption\":\"admin2281\"},\"logo\":{\"@id\":\"https:\\\/\\\/sarah-caillot-illustration.com\\\/wp-content\\\/uploads\\\/2026\\\/03\\\/Presentation-site-web-sarah-caillot-1-1-1024x576.png\"},\"sameAs\":[\"https:\\\/\\\/sarah-caillot-illustration.com\"]}]}<\/script>\n<!-- \/ Yoast SEO plugin. -->","yoast_head_json":{"title":"Travers\u00e9es - Sarah Caillot","robots":{"index":"index","follow":"follow","max-snippet":"max-snippet:-1","max-image-preview":"max-image-preview:large","max-video-preview":"max-video-preview:-1"},"canonical":"https:\/\/sarah-caillot-illustration.com\/index.php\/traversees\/","og_locale":"fr_FR","og_type":"article","og_title":"Travers\u00e9es - Sarah Caillot","og_description":"TRAVERS\u00c9ES J\u2019esp\u00e8re pouvoir faire na\u00eetre un beau projet \u00e9ditorial issu de cette part de moi-m\u00eame, bless\u00e9e mais r\u00e9siliente, pleine de vie et d\u2019espoir. C&rsquo;est pourquoi si vous \u00eates \u00e9diteur, \u00e9ditrice et si mon projet vous touche, je serais tr\u00e8s heureuse &hellip;","og_url":"https:\/\/sarah-caillot-illustration.com\/index.php\/traversees\/","og_site_name":"Sarah Caillot","article_modified_time":"2026-03-05T18:36:53+00:00","og_image":[{"width":1080,"height":1350,"url":"https:\/\/sarah-caillot-illustration.com\/wp-content\/uploads\/2026\/03\/Mauvais-temps-TRAVERSEES-Sarah-Caillot-Illustration.png","type":"image\/png"}],"twitter_card":"summary_large_image","twitter_misc":{"Dur\u00e9e de lecture estim\u00e9e":"4 minutes"},"schema":{"@context":"https:\/\/schema.org","@graph":[{"@type":"WebPage","@id":"https:\/\/sarah-caillot-illustration.com\/index.php\/traversees\/","url":"https:\/\/sarah-caillot-illustration.com\/index.php\/traversees\/","name":"Travers\u00e9es - Sarah Caillot","isPartOf":{"@id":"https:\/\/sarah-caillot-illustration.com\/#website"},"primaryImageOfPage":{"@id":"https:\/\/sarah-caillot-illustration.com\/index.php\/traversees\/#primaryimage"},"image":{"@id":"https:\/\/sarah-caillot-illustration.com\/index.php\/traversees\/#primaryimage"},"thumbnailUrl":"https:\/\/sarah-caillot-illustration.com\/wp-content\/uploads\/2026\/03\/Mauvais-temps-TRAVERSEES-Sarah-Caillot-Illustration-819x1024.png","datePublished":"2026-02-18T08:45:22+00:00","dateModified":"2026-03-05T18:36:53+00:00","breadcrumb":{"@id":"https:\/\/sarah-caillot-illustration.com\/index.php\/traversees\/#breadcrumb"},"inLanguage":"fr-FR","potentialAction":[{"@type":"ReadAction","target":["https:\/\/sarah-caillot-illustration.com\/index.php\/traversees\/"]}]},{"@type":"ImageObject","inLanguage":"fr-FR","@id":"https:\/\/sarah-caillot-illustration.com\/index.php\/traversees\/#primaryimage","url":"https:\/\/sarah-caillot-illustration.com\/wp-content\/uploads\/2026\/03\/Mauvais-temps-TRAVERSEES-Sarah-Caillot-Illustration.png","contentUrl":"https:\/\/sarah-caillot-illustration.com\/wp-content\/uploads\/2026\/03\/Mauvais-temps-TRAVERSEES-Sarah-Caillot-Illustration.png","width":1080,"height":1350},{"@type":"BreadcrumbList","@id":"https:\/\/sarah-caillot-illustration.com\/index.php\/traversees\/#breadcrumb","itemListElement":[{"@type":"ListItem","position":1,"name":"Accueil","item":"https:\/\/sarah-caillot-illustration.com\/"},{"@type":"ListItem","position":2,"name":"Travers\u00e9es"}]},{"@type":"WebSite","@id":"https:\/\/sarah-caillot-illustration.com\/#website","url":"https:\/\/sarah-caillot-illustration.com\/","name":"Sarah Caillot Illustration","description":"AUBE SAUVAGE - Art animalier par Sarah Caillot","publisher":{"@id":"https:\/\/sarah-caillot-illustration.com\/#\/schema\/person\/dc31bf9937d8c4e77a2865da73499f2b"},"potentialAction":[{"@type":"SearchAction","target":{"@type":"EntryPoint","urlTemplate":"https:\/\/sarah-caillot-illustration.com\/?s={search_term_string}"},"query-input":{"@type":"PropertyValueSpecification","valueRequired":true,"valueName":"search_term_string"}}],"inLanguage":"fr-FR"},{"@type":["Person","Organization"],"@id":"https:\/\/sarah-caillot-illustration.com\/#\/schema\/person\/dc31bf9937d8c4e77a2865da73499f2b","name":"admin2281","image":{"@type":"ImageObject","inLanguage":"fr-FR","@id":"https:\/\/sarah-caillot-illustration.com\/wp-content\/uploads\/2026\/03\/Presentation-site-web-sarah-caillot-1-1-1024x576.png","url":"https:\/\/sarah-caillot-illustration.com\/wp-content\/uploads\/2026\/03\/Presentation-site-web-sarah-caillot-1-1-1024x576.png","contentUrl":"https:\/\/sarah-caillot-illustration.com\/wp-content\/uploads\/2026\/03\/Presentation-site-web-sarah-caillot-1-1-1024x576.png","width":1024,"height":576,"caption":"admin2281"},"logo":{"@id":"https:\/\/sarah-caillot-illustration.com\/wp-content\/uploads\/2026\/03\/Presentation-site-web-sarah-caillot-1-1-1024x576.png"},"sameAs":["https:\/\/sarah-caillot-illustration.com"]}]}},"_links":{"self":[{"href":"https:\/\/sarah-caillot-illustration.com\/index.php\/wp-json\/wp\/v2\/pages\/11279","targetHints":{"allow":["GET"]}}],"collection":[{"href":"https:\/\/sarah-caillot-illustration.com\/index.php\/wp-json\/wp\/v2\/pages"}],"about":[{"href":"https:\/\/sarah-caillot-illustration.com\/index.php\/wp-json\/wp\/v2\/types\/page"}],"author":[{"embeddable":true,"href":"https:\/\/sarah-caillot-illustration.com\/index.php\/wp-json\/wp\/v2\/users\/1"}],"replies":[{"embeddable":true,"href":"https:\/\/sarah-caillot-illustration.com\/index.php\/wp-json\/wp\/v2\/comments?post=11279"}],"version-history":[{"count":35,"href":"https:\/\/sarah-caillot-illustration.com\/index.php\/wp-json\/wp\/v2\/pages\/11279\/revisions"}],"predecessor-version":[{"id":11709,"href":"https:\/\/sarah-caillot-illustration.com\/index.php\/wp-json\/wp\/v2\/pages\/11279\/revisions\/11709"}],"wp:attachment":[{"href":"https:\/\/sarah-caillot-illustration.com\/index.php\/wp-json\/wp\/v2\/media?parent=11279"}],"curies":[{"name":"wp","href":"https:\/\/api.w.org\/{rel}","templated":true}]}}